{"id":366,"date":"2022-03-29T14:24:50","date_gmt":"2022-03-29T18:24:50","guid":{"rendered":"http:\/\/powerasone.ca\/?page_id=366"},"modified":"2025-06-20T10:42:30","modified_gmt":"2025-06-20T14:42:30","slug":"accueil","status":"publish","type":"page","link":"https:\/\/hydroottawagroup.com\/fr\/","title":{"rendered":"Accueil"},"content":{"rendered":"<div class=\"wpb-content-wrapper\"><p>[vc_row full_width=&#8221;stretch_row_content_no_spaces&#8221; css_animation=&#8221;none&#8221; el_class=&#8221;home-section-top&#8221;][vc_column][vc_column_text css_animation=&#8221;zoomIn&#8221; css=&#8221;.vc_custom_1750268592264{margin-bottom: 0px !important;}&#8221; el_id=&#8221;homepage-hero&#8221;]<\/p>\n<h1>\u00c9nergiser un avenir plus durable<\/h1>\n<p>[\/vc_column_text][\/vc_column][\/vc_row][vc_row disable_element=&#8221;yes&#8221; el_class=&#8221;section-top&#8221;][vc_column][vc_column_text][rev_slider slidertitle=&#8221;Home Hero&#8221; alias=&#8221;slider-1&#8243;][\/vc_column_text][\/vc_column][\/vc_row][vc_row full_width=&#8221;stretch_row_content_no_spaces&#8221; content_placement=&#8221;middle&#8221; css=&#8221;.vc_custom_1663075759481{padding-top: 20px !important;padding-bottom: 60px !important;background-color: #edf0f5 !important;}&#8221; el_class=&#8221;section-one&#8221;][vc_column][vc_row_inner el_class=&#8221;limit-width&#8221;][vc_column_inner][vc_single_image image=&#8221;3580&#8243; img_size=&#8221;full&#8221; alignment=&#8221;center&#8221; css=&#8221;&#8221; el_class=&#8221;hog-tagline&#8221;][vc_column_text css=&#8221;&#8221;]<span style=\"font-weight: 400;\">Le Groupe Hydro Ottawa [\u00ab Soci\u00e9t\u00e9 de portefeuille Hydro Ottawa inc. \u00bb] est une entreprise diversifi\u00e9e et durable qui est d\u00e9tenue en propri\u00e9t\u00e9 exclusive par la Ville d\u2019Ottawa. En tant que fournisseur d\u2019\u00e9nergie tourn\u00e9 vers l\u2019avenir et partenaire de grands projets d\u2019\u00e9nergie verte, notre mission consiste \u00e0 mener la charge vers un avenir \u00e9nerg\u00e9tique plus intelligent. Par l\u2019entremise de nos filiales, nous offrons des solutions durables qui contribuent \u00e0 l\u2019autonomie de nos clients et au d\u00e9veloppement des communaut\u00e9s que nous desservons.<\/span><\/p>\n<p><span style=\"font-weight: 400;\">Qu\u2019il s\u2019agisse de distribuer de l\u2019\u00e9lectricit\u00e9 \u00e0 plus de 372 000 r\u00e9sidences et entreprises r\u00e9parties dans la ville d\u2019Ottawa et la municipalit\u00e9 de Casselman (Hydro Ottawa limit\u00e9e), de g\u00e9rer le plus grand producteur d\u2019\u00e9nergie durable appartenant \u00e0 une municipalit\u00e9 en Ontario (Portage \u00c9nergie), de mettre en place des solutions \u00e9nerg\u00e9tiques innovantes (Envari Solutions \u00e9nerg\u00e9tiques) ou de connecter la communaut\u00e9 gr\u00e2ce \u00e0 la fibre optique (r\u00e9seaux hiboo), le Groupe Hydro Ottawa est un partenaire de confiance pour faire de la capitale nationale une r\u00e9gion dynamique et durable.<\/span><\/p>\n<p><span style=\"font-weight: 400;\">Profond\u00e9ment ancr\u00e9e dans la communaut\u00e9, notre entreprise offre depuis plus d\u2019un si\u00e8cle un service essentiel \u00e0 nos clients. Le Groupe Hydro Ottawa a une responsabilit\u00e9 sociale : avoir une incidence positive sur la communaut\u00e9 dans laquelle nous vivons gr\u00e2ce \u00e0 nos investissements, nos partenariats et notre milieu de travail accueillant et respectueux.<\/span><\/p>\n<p><span style=\"font-weight: 400;\">Aujourd\u2019hui, nous sommes fiers de continuer \u00e0 maintenir un \u00e9quilibre entre la croissance, la durabilit\u00e9 environnementale et la responsabilit\u00e9 sociale tout en ouvrant la voie \u00e0 un avenir \u00e9nerg\u00e9tique num\u00e9rique et intelligent.<\/span>[\/vc_column_text][\/vc_column_inner][\/vc_row_inner][vc_row_inner equal_height=&#8221;yes&#8221; content_placement=&#8221;bottom&#8221; css=&#8221;.vc_custom_1650773315911{padding-top: 30px !important;}&#8221; el_class=&#8221;limit-width&#8221;][vc_column_inner width=&#8221;1\/4&#8243;][vc_single_image image=&#8221;3523&#8243; img_size=&#8221;full&#8221; alignment=&#8221;center&#8221; css=&#8221;&#8221; el_class=&#8221;ho-logo&#8221;][\/vc_column_inner][vc_column_inner width=&#8221;1\/4&#8243;][vc_single_image image=&#8221;794&#8243; img_size=&#8221;full&#8221; alignment=&#8221;center&#8221;][\/vc_column_inner][vc_column_inner width=&#8221;1\/4&#8243;][vc_single_image image=&#8221;799&#8243; img_size=&#8221;full&#8221; alignment=&#8221;center&#8221;][\/vc_column_inner][vc_column_inner width=&#8221;1\/4&#8243;][vc_single_image image=&#8221;1999&#8243; img_size=&#8221;full&#8221; alignment=&#8221;center&#8221; css=&#8221;&#8221; el_class=&#8221;hiboo-logo&#8221;][\/vc_column_inner][\/vc_row_inner][vc_row_inner el_class=&#8221;limit-width&#8221;][vc_column_inner][vc_empty_space height=&#8221;60px&#8221;][vc_btn title=&#8221;En savoir plus&#8221; style=&#8221;custom&#8221; custom_background=&#8221;&#8221; custom_text=&#8221;&#8221; align=&#8221;center&#8221; css=&#8221;&#8221; link=&#8221;url:%2Ffr%2Fnos-entreprises%2F|title:Nos%20entreprises&#8221; el_class=&#8221;btn-primary btn-dark&#8221;][\/vc_column_inner][\/vc_row_inner][\/vc_column][\/vc_row][vc_row el_class=&#8221;section-two&#8221;][vc_column][vc_row_inner el_class=&#8221;limit-width&#8221;][vc_column_inner][vc_empty_space height=&#8221;60px&#8221;][vc_custom_heading text=&#8221;\u00c0 l\u2019avant-garde gr\u00e2ce \u00e0 l\u2019innovation&#8221; font_container=&#8221;tag:h2|text_align:center&#8221; use_theme_fonts=&#8221;yes&#8221; css=&#8221;&#8221;][vc_column_text css=&#8221;&#8221;]<\/p>\n<p style=\"text-align: center;\"><span style=\"font-weight: 400;\">Le Groupe Hydro Ottawa pilote l\u2019innovation en mati\u00e8re d\u2019\u00e9nergie afin de rehausser directement la qualit\u00e9 de vie dans la r\u00e9gion. Nous croyons en un avenir propuls\u00e9 par des solutions \u00e9nerg\u00e9tiques intelligentes qui b\u00e9n\u00e9ficient \u00e0 chacun. Notre engagement \u00e0 l\u2019\u00e9gard de l\u2019innovation se traduit par le d\u00e9veloppement et la mise en \u0153uvre de m\u00e9thodes et technologies de pointe qui m\u00e8nent tout droit \u00e0 un avenir \u00e9nerg\u00e9tique plus durable, fiable et efficace pour tout le monde. En priorisant l\u2019innovation, nous sommes fiers de fa\u00e7onner quotidiennement des lendemains plus lumineux pour notre communaut\u00e9.<\/span><\/p>\n<p style=\"text-align: center;\"><span style=\"font-weight: 400;\">Explorez les projets novateurs dans lesquels nous investissons dans notre qu\u00eate d\u2019un avenir \u00e9nerg\u00e9tique intelligent.<\/span><\/p>\n<p>[\/vc_column_text][vc_empty_space height=&#8221;60px&#8221;][\/vc_column_inner][\/vc_row_inner][\/vc_column][\/vc_row][vc_row el_class=&#8221;section-b&#8221;][vc_column][vc_row][vc_column][vc_column_text]\n    \n    <div class='container mx-auto'>\n\n        <div class='grid lg:grid lg:grid-rows-2 lg:grid-cols-3 gap-0'>\n            <div class='cs-main lg:row-span-2 lg:col-span-2 relative'  style='background:url(https:\/\/hydroottawagroup.com\/wp-content\/uploads\/2025\/06\/homepage-article.jpg); background-size:cover;'>\n                <div class='cs-meta absolute bottom-0'>\n                    <h3>Syst\u00e8mes \u00e9nerg\u00e9tiques de quartier : solution d\u2019avenir pour Ottawa<\/h3>\n                    <a class='btn-primary' href='https:\/\/hydroottawagroup.com\/fr\/systemes-energetiques-de-quartier-solution-davenir-pour-ottawa\/'>En savoir plus<\/a>\n                <\/div>\n            <\/div>\n            <div class='cs-sub' style='background:rgb(18,34,44);'>\n                <div class='cs-meta'>\n                    <h3>Partenariat avec LCO pour r\u00e9duire les \u00e9missions et resserrer les liens communautaires<\/h3>\n                    <a class='btn-primary' href='https:\/\/hydroottawagroup.com\/fr\/partenariat-avec-lco-pour-reduire-les-emissions-et-resserrer-les-liens-communautaires\/'>En savoir plus<\/a>\n                <\/div>\n            <\/div>\n            <div class='cs-sub' style='background:rgb(3,115,106);'>\n                <div class='cs-meta'>\n                    <h3>L\u2019avenir \u00e9lectrisant du transport collectif \u00e0 Ottawa<\/h3>\n                    <a class='btn-primary' href='https:\/\/hydroottawagroup.com\/fr\/lavenir-electrisant-du-transport-collectif-a-ottawa\/'>En savoir plus<\/a>\n                <\/div>\n            <\/div>\n        <\/div>\n\n    <\/div>\n    \n    [\/vc_column_text][\/vc_column][\/vc_row][\/vc_column][\/vc_row][vc_row full_width=&#8221;stretch_row&#8221; css=&#8221;.vc_custom_1750284357928{background-color: #9ED9E7 !important;}&#8221; el_class=&#8221;news-section&#8221;][vc_column][vc_custom_heading text=&#8221;Salle des nouvelles&#8221; font_container=&#8221;tag:h2|text_align:left|color:%23000000&#8243; use_theme_fonts=&#8221;yes&#8221; css=&#8221;&#8221;][vc_row_inner][vc_column_inner width=&#8221;1\/4&#8243;][\/vc_column_inner][vc_column_inner width=&#8221;3\/4&#8243;][vc_basic_grid post_type=&#8221;post&#8221; max_items=&#8221;3&#8243; element_width=&#8221;12&#8243; gap=&#8221;0&#8243; item=&#8221;202&#8243; grid_id=&#8221;vc_gid:1750430467636-c3f1ed3e-7d04-1&#8243; taxonomies=&#8221;15&#8243; el_class=&#8221;news-posts&#8221;][\/vc_column_inner][\/vc_row_inner][\/vc_column][\/vc_row][vc_row full_width=&#8221;stretch_row&#8221; disable_element=&#8221;yes&#8221; css=&#8221;.vc_custom_1722963054855{background-color: #eef0f6 !important;}&#8221; el_class=&#8221;contact-section&#8221;][vc_column][vc_custom_heading text=&#8221;Contactez-nous&#8221; font_container=&#8221;tag:h2|text_align:left|color:%23000000&#8243; use_theme_fonts=&#8221;yes&#8221;][\/vc_column][\/vc_row]<\/p>\n<\/div>","protected":false},"excerpt":{"rendered":"<p>[vc_row full_width=&#8221;stretch_row_content_no_spaces&#8221; css_animation=&#8221;none&#8221; el_class=&#8221;home-section-top&#8221;][vc_column][vc_column_text css_animation=&#8221;zoomIn&#8221; css=&#8221;.vc_custom_1750268592264{margin-bottom: 0px !important;}&#8221; el_id=&#8221;homepage-hero&#8221;] \u00c9nergiser un avenir plus durable [\/vc_column_text][\/vc_column][\/vc_row][vc_row disable_element=&#8221;yes&#8221; el_class=&#8221;section-top&#8221;][vc_column][vc_column_text][rev_slider slidertitle=&#8221;Home Hero&#8221; alias=&#8221;slider-1&#8243;][\/vc_column_text][\/vc_column][\/vc_row][vc_row full_width=&#8221;stretch_row_content_no_spaces&#8221; content_placement=&#8221;middle&#8221; css=&#8221;.vc_custom_1663075759481{padding-top: 20px !important;padding-bottom: 60px !important;background-color: #edf0f5 !important;}&#8221; el_class=&#8221;section-one&#8221;][vc_column][vc_row_inner el_class=&#8221;limit-width&#8221;][vc_column_inner][vc_single_image image=&#8221;3580&#8243; img_size=&#8221;full&#8221; alignment=&#8221;center&#8221; css=&#8221;&#8221; el_class=&#8221;hog-tagline&#8221;][vc_column_text css=&#8221;&#8221;]Le Groupe Hydro Ottawa [\u00ab Soci\u00e9t\u00e9 de portefeuille Hydro Ottawa inc. \u00bb] est une entreprise diversifi\u00e9e et durable qui [&hellip;]<\/p>\n","protected":false},"author":10,"featured_media":0,"parent":0,"menu_order":0,"comment_status":"closed","ping_status":"closed","template":"","meta":{"_acf_changed":false,"footnotes":""},"class_list":["post-366","page","type-page","status-publish","hentry"],"acf":[],"yoast_head":"<!-- This site is optimized with the Yoast SEO plugin v27.5 - https:\/\/yoast.com\/product\/yoast-seo-wordpress\/ -->\n<title>Accueil - Hydro Ottawa Group<\/title>\n<meta name=\"robots\" content=\"index, follow, max-snippet:-1, max-image-preview:large, max-video-preview:-1\" \/>\n<link rel=\"canonical\" href=\"https:\/\/hydroottawagroup.com\/fr\/\" \/>\n<meta property=\"og:locale\" content=\"fr_FR\" \/>\n<meta property=\"og:type\" content=\"article\" \/>\n<meta property=\"og:title\" content=\"Accueil - Hydro Ottawa Group\" \/>\n<meta property=\"og:description\" content=\"[vc_row full_width=&#8221;stretch_row_content_no_spaces&#8221; css_animation=&#8221;none&#8221; el_class=&#8221;home-section-top&#8221;][vc_column][vc_column_text css_animation=&#8221;zoomIn&#8221; css=&#8221;.vc_custom_1750268592264{margin-bottom: 0px !important;}&#8221; el_id=&#8221;homepage-hero&#8221;] \u00c9nergiser un avenir plus durable [\/vc_column_text][\/vc_column][\/vc_row][vc_row disable_element=&#8221;yes&#8221; el_class=&#8221;section-top&#8221;][vc_column][vc_column_text][rev_slider slidertitle=&#8221;Home Hero&#8221; alias=&#8221;slider-1&#8243;][\/vc_column_text][\/vc_column][\/vc_row][vc_row full_width=&#8221;stretch_row_content_no_spaces&#8221; content_placement=&#8221;middle&#8221; css=&#8221;.vc_custom_1663075759481{padding-top: 20px !important;padding-bottom: 60px !important;background-color: #edf0f5 !important;}&#8221; el_class=&#8221;section-one&#8221;][vc_column][vc_row_inner el_class=&#8221;limit-width&#8221;][vc_column_inner][vc_single_image image=&#8221;3580&#8243; img_size=&#8221;full&#8221; alignment=&#8221;center&#8221; css=&#8221;&#8221; el_class=&#8221;hog-tagline&#8221;][vc_column_text css=&#8221;&#8221;]Le Groupe Hydro Ottawa [\u00ab Soci\u00e9t\u00e9 de portefeuille Hydro Ottawa inc. \u00bb] est une entreprise diversifi\u00e9e et durable qui [&hellip;]\" \/>\n<meta property=\"og:url\" content=\"https:\/\/hydroottawagroup.com\/fr\/\" \/>\n<meta property=\"og:site_name\" content=\"Hydro Ottawa Group\" \/>\n<meta property=\"article:modified_time\" content=\"2025-06-20T14:42:30+00:00\" \/>\n<meta name=\"twitter:card\" content=\"summary_large_image\" \/>\n<meta name=\"twitter:label1\" content=\"Est. reading time\" \/>\n\t<meta name=\"twitter:data1\" content=\"4 minutes\" \/>\n<script type=\"application\/ld+json\" class=\"yoast-schema-graph\">{\"@context\":\"https:\\\/\\\/schema.org\",\"@graph\":[{\"@type\":\"WebPage\",\"@id\":\"https:\\\/\\\/hydroottawagroup.com\\\/fr\\\/\",\"url\":\"https:\\\/\\\/hydroottawagroup.com\\\/fr\\\/\",\"name\":\"Accueil - Hydro Ottawa Group\",\"isPartOf\":{\"@id\":\"https:\\\/\\\/hydroottawaholding.com\\\/#website\"},\"datePublished\":\"2022-03-29T18:24:50+00:00\",\"dateModified\":\"2025-06-20T14:42:30+00:00\",\"breadcrumb\":{\"@id\":\"https:\\\/\\\/hydroottawagroup.com\\\/fr\\\/#breadcrumb\"},\"inLanguage\":\"fr-FR\",\"potentialAction\":[{\"@type\":\"ReadAction\",\"target\":[\"https:\\\/\\\/hydroottawagroup.com\\\/fr\\\/\"]}]},{\"@type\":\"BreadcrumbList\",\"@id\":\"https:\\\/\\\/hydroottawagroup.com\\\/fr\\\/#breadcrumb\",\"itemListElement\":[{\"@type\":\"ListItem\",\"position\":1,\"name\":\"Home\",\"item\":\"https:\\\/\\\/hydroottawagroup.com\\\/fr\\\/\"},{\"@type\":\"ListItem\",\"position\":2,\"name\":\"Accueil\"}]},{\"@type\":\"WebSite\",\"@id\":\"https:\\\/\\\/hydroottawaholding.com\\\/#website\",\"url\":\"https:\\\/\\\/hydroottawaholding.com\\\/\",\"name\":\"Hydro Ottawa Group\",\"description\":\"\",\"potentialAction\":[{\"@type\":\"SearchAction\",\"target\":{\"@type\":\"EntryPoint\",\"urlTemplate\":\"https:\\\/\\\/hydroottawaholding.com\\\/?s={search_term_string}\"},\"query-input\":{\"@type\":\"PropertyValueSpecification\",\"valueRequired\":true,\"valueName\":\"search_term_string\"}}],\"inLanguage\":\"fr-FR\"}]}<\/script>\n<!-- \/ Yoast SEO plugin. -->","yoast_head_json":{"title":"Accueil - Hydro Ottawa Group","robots":{"index":"index","follow":"follow","max-snippet":"max-snippet:-1","max-image-preview":"max-image-preview:large","max-video-preview":"max-video-preview:-1"},"canonical":"https:\/\/hydroottawagroup.com\/fr\/","og_locale":"fr_FR","og_type":"article","og_title":"Accueil - Hydro Ottawa Group","og_description":"[vc_row full_width=&#8221;stretch_row_content_no_spaces&#8221; css_animation=&#8221;none&#8221; el_class=&#8221;home-section-top&#8221;][vc_column][vc_column_text css_animation=&#8221;zoomIn&#8221; css=&#8221;.vc_custom_1750268592264{margin-bottom: 0px !important;}&#8221; el_id=&#8221;homepage-hero&#8221;] \u00c9nergiser un avenir plus durable [\/vc_column_text][\/vc_column][\/vc_row][vc_row disable_element=&#8221;yes&#8221; el_class=&#8221;section-top&#8221;][vc_column][vc_column_text][rev_slider slidertitle=&#8221;Home Hero&#8221; alias=&#8221;slider-1&#8243;][\/vc_column_text][\/vc_column][\/vc_row][vc_row full_width=&#8221;stretch_row_content_no_spaces&#8221; content_placement=&#8221;middle&#8221; css=&#8221;.vc_custom_1663075759481{padding-top: 20px !important;padding-bottom: 60px !important;background-color: #edf0f5 !important;}&#8221; el_class=&#8221;section-one&#8221;][vc_column][vc_row_inner el_class=&#8221;limit-width&#8221;][vc_column_inner][vc_single_image image=&#8221;3580&#8243; img_size=&#8221;full&#8221; alignment=&#8221;center&#8221; css=&#8221;&#8221; el_class=&#8221;hog-tagline&#8221;][vc_column_text css=&#8221;&#8221;]Le Groupe Hydro Ottawa [\u00ab Soci\u00e9t\u00e9 de portefeuille Hydro Ottawa inc. \u00bb] est une entreprise diversifi\u00e9e et durable qui [&hellip;]","og_url":"https:\/\/hydroottawagroup.com\/fr\/","og_site_name":"Hydro Ottawa Group","article_modified_time":"2025-06-20T14:42:30+00:00","twitter_card":"summary_large_image","twitter_misc":{"Est. reading time":"4 minutes"},"schema":{"@context":"https:\/\/schema.org","@graph":[{"@type":"WebPage","@id":"https:\/\/hydroottawagroup.com\/fr\/","url":"https:\/\/hydroottawagroup.com\/fr\/","name":"Accueil - Hydro Ottawa Group","isPartOf":{"@id":"https:\/\/hydroottawaholding.com\/#website"},"datePublished":"2022-03-29T18:24:50+00:00","dateModified":"2025-06-20T14:42:30+00:00","breadcrumb":{"@id":"https:\/\/hydroottawagroup.com\/fr\/#breadcrumb"},"inLanguage":"fr-FR","potentialAction":[{"@type":"ReadAction","target":["https:\/\/hydroottawagroup.com\/fr\/"]}]},{"@type":"BreadcrumbList","@id":"https:\/\/hydroottawagroup.com\/fr\/#breadcrumb","itemListElement":[{"@type":"ListItem","position":1,"name":"Home","item":"https:\/\/hydroottawagroup.com\/fr\/"},{"@type":"ListItem","position":2,"name":"Accueil"}]},{"@type":"WebSite","@id":"https:\/\/hydroottawaholding.com\/#website","url":"https:\/\/hydroottawaholding.com\/","name":"Hydro Ottawa Group","description":"","potentialAction":[{"@type":"SearchAction","target":{"@type":"EntryPoint","urlTemplate":"https:\/\/hydroottawaholding.com\/?s={search_term_string}"},"query-input":{"@type":"PropertyValueSpecification","valueRequired":true,"valueName":"search_term_string"}}],"inLanguage":"fr-FR"}]}},"_links":{"self":[{"href":"https:\/\/hydroottawagroup.com\/fr\/wp-json\/wp\/v2\/pages\/366","targetHints":{"allow":["GET"]}}],"collection":[{"href":"https:\/\/hydroottawagroup.com\/fr\/wp-json\/wp\/v2\/pages"}],"about":[{"href":"https:\/\/hydroottawagroup.com\/fr\/wp-json\/wp\/v2\/types\/page"}],"author":[{"embeddable":true,"href":"https:\/\/hydroottawagroup.com\/fr\/wp-json\/wp\/v2\/users\/10"}],"replies":[{"embeddable":true,"href":"https:\/\/hydroottawagroup.com\/fr\/wp-json\/wp\/v2\/comments?post=366"}],"version-history":[{"count":11,"href":"https:\/\/hydroottawagroup.com\/fr\/wp-json\/wp\/v2\/pages\/366\/revisions"}],"predecessor-version":[{"id":3834,"href":"https:\/\/hydroottawagroup.com\/fr\/wp-json\/wp\/v2\/pages\/366\/revisions\/3834"}],"wp:attachment":[{"href":"https:\/\/hydroottawagroup.com\/fr\/wp-json\/wp\/v2\/media?parent=366"}],"curies":[{"name":"wp","href":"https:\/\/api.w.org\/{rel}","templated":true}]}}