{"id":386,"date":"2022-03-29T14:25:53","date_gmt":"2022-03-29T18:25:53","guid":{"rendered":"http:\/\/powerasone.ca\/?page_id=386"},"modified":"2025-06-19T11:42:51","modified_gmt":"2025-06-19T15:42:51","slug":"nouvelles","status":"publish","type":"page","link":"https:\/\/hydroottawagroup.com\/fr\/nouvelles\/","title":{"rendered":"Nouvelles"},"content":{"rendered":"<div class=\"wpb-content-wrapper\"><p>[vc_row el_class=&#8221;section-t&#8221; css=&#8221;.vc_custom_1651081242963{background-color: #ffffff !important;}&#8221;][vc_column][vc_row_inner][vc_column_inner][vc_custom_heading text=&#8221;Communiqu\u00e9s&#8221; font_container=&#8221;tag:h2|text_align:center&#8221; use_theme_fonts=&#8221;yes&#8221;][vc_basic_grid post_type=&#8221;post&#8221; max_items=&#8221;-1&#8243; gap=&#8221;35&#8243; item=&#8221;597&#8243; grid_id=&#8221;vc_gid:1750347745975-198770f4-02aa-9&#8243; taxonomies=&#8221;15&#8243; el_id=&#8221;news-grid&#8221;][vc_btn title=&#8221;Voir tous les communiqu\u00e9s&#8221; style=&#8221;custom&#8221; custom_background=&#8221;&#8221; custom_text=&#8221;&#8221; align=&#8221;center&#8221; css=&#8221;&#8221; link=&#8221;url:%23|target:_blank&#8221; el_class=&#8221;btn-primary more-news-btn hidden&#8221;][\/vc_column_inner][\/vc_row_inner][\/vc_column][\/vc_row][vc_row full_width=&#8221;stretch_row&#8221; equal_height=&#8221;yes&#8221; content_placement=&#8221;middle&#8221; disable_element=&#8221;yes&#8221; el_class=&#8221;section&#8221; css=&#8221;.vc_custom_1715779316769{background-color: #12222c !important;}&#8221;][vc_column][vc_row_inner][vc_column_inner][vc_custom_heading text=&#8221;Orientation strat\u00e9gique&#8221; font_container=&#8221;tag:h2|text_align:center&#8221; use_theme_fonts=&#8221;yes&#8221; el_class=&#8221;dark&#8221;][\/vc_column_inner][\/vc_row_inner][vc_row_inner content_placement=&#8221;middle&#8221;][vc_column_inner width=&#8221;1\/3&#8243; css=&#8221;.vc_custom_1651092232189{padding-right: 35px !important;}&#8221;][vc_single_image image=&#8221;1542&#8243; img_size=&#8221;full&#8221; alignment=&#8221;right&#8221; onclick=&#8221;custom_link&#8221; img_link_target=&#8221;_blank&#8221; link=&#8221;https:\/\/hydroottawa.com\/sites\/default\/files\/2022-06\/Hydro_Ottawa_2021-2025_Strategic_Direction_FR.pdf&#8221;][\/vc_column_inner][vc_column_inner width=&#8221;2\/3&#8243;][vc_custom_heading text=&#8221;Un partenaire d\u2019excellence dans un avenir \u00e9nerg\u00e9tique intelligent&#8221; font_container=&#8221;tag:h3|text_align:left&#8221; use_theme_fonts=&#8221;yes&#8221; el_class=&#8221;dark&#8221;][vc_column_text]<span style=\"color: #ffffff;\">Cette orientation strat\u00e9gique 2021-2025 donne un aper\u00e7u de la strat\u00e9gie d&#8217;affaires et des projections financi\u00e8res d&#8217;Hydro Ottawa pour les cinq prochaines ann\u00e9es. Il est con\u00e7u pour informer notre actionnaire et toutes les autres parties prenantes sur les tendances les plus importantes qui fa\u00e7onnent notre environnement commercial et sur la mani\u00e8re dont l&#8217;entreprise entend y r\u00e9pondre.<\/span>[\/vc_column_text][vc_btn title=&#8221;Voir&#8221; style=&#8221;custom&#8221; custom_background=&#8221;&#8221; custom_text=&#8221;&#8221; align=&#8221;left&#8221; link=&#8221;url:https%3A%2F%2Fhydroottawa.com%2Fsites%2Fdefault%2Ffiles%2F2022-06%2FHydro_Ottawa_2021-2025_Strategic_Direction_FR.pdf|target:_blank&#8221; el_class=&#8221;btn-primary&#8221;][\/vc_column_inner][\/vc_row_inner][\/vc_column][\/vc_row][vc_row full_width=&#8221;stretch_row&#8221; disable_element=&#8221;yes&#8221; css=&#8221;.vc_custom_1715779325022{background-color: #edf0f5 !important;}&#8221; el_class=&#8221;section&#8221;][vc_column][vc_custom_heading text=&#8221;Nos rapports annuels&#8221; font_container=&#8221;tag:h2|text_align:center&#8221; use_theme_fonts=&#8221;yes&#8221;][vc_row_inner equal_height=&#8221;yes&#8221; content_placement=&#8221;top&#8221; gap=&#8221;35&#8243;][vc_column_inner width=&#8221;1\/3&#8243;][vc_single_image image=&#8221;2663&#8243; img_size=&#8221;full&#8221; alignment=&#8221;center&#8221; onclick=&#8221;custom_link&#8221; img_link_target=&#8221;_blank&#8221; link=&#8221;https:\/\/hydroottawagroup.com\/wp-content\/uploads\/2023\/06\/Hydro-Ottawa_2022_Rapport-Annuel_FR_WEB.pdf&#8221;][\/vc_column_inner][vc_column_inner width=&#8221;1\/3&#8243;][vc_single_image image=&#8221;1528&#8243; img_size=&#8221;full&#8221; alignment=&#8221;center&#8221; onclick=&#8221;custom_link&#8221; img_link_target=&#8221;_blank&#8221; link=&#8221;https:\/\/hydroottawa.com\/sites\/default\/files\/2022-06\/Hydro_Ottawa_2021AnnualReport-FR.pdf&#8221;][\/vc_column_inner][vc_column_inner width=&#8221;1\/3&#8243;][vc_single_image image=&#8221;1247&#8243; img_size=&#8221;full&#8221; alignment=&#8221;center&#8221; onclick=&#8221;custom_link&#8221; img_link_target=&#8221;_blank&#8221; link=&#8221;https:\/\/hydroottawa.com\/sites\/default\/files\/2021-06\/HydroOttawa_2020_AR_FRE.pdf&#8221;][\/vc_column_inner][\/vc_row_inner][vc_row_inner equal_height=&#8221;yes&#8221; content_placement=&#8221;top&#8221; gap=&#8221;35&#8243;][vc_column_inner width=&#8221;1\/3&#8243;][vc_single_image image=&#8221;1245&#8243; img_size=&#8221;full&#8221; alignment=&#8221;center&#8221; onclick=&#8221;custom_link&#8221; img_link_target=&#8221;_blank&#8221; link=&#8221;https:\/\/hydroottawa.com\/sites\/default\/files\/2020-06\/HO-Annual-Report-2019-FR_1.pdf&#8221;][\/vc_column_inner][vc_column_inner width=&#8221;1\/3&#8243;][vc_single_image image=&#8221;1243&#8243; img_size=&#8221;full&#8221; alignment=&#8221;center&#8221; onclick=&#8221;custom_link&#8221; img_link_target=&#8221;_blank&#8221; link=&#8221;https:\/\/static.hydroottawa.com\/documents\/publications\/annual-report\/2018-Annual-Report-FR.pdf&#8221;][\/vc_column_inner][vc_column_inner width=&#8221;1\/3&#8243;][vc_single_image image=&#8221;1241&#8243; img_size=&#8221;full&#8221; alignment=&#8221;center&#8221; onclick=&#8221;custom_link&#8221; img_link_target=&#8221;_blank&#8221; link=&#8221;https:\/\/static.hydroottawa.com\/documents\/publications\/annual-report\/2017-Annual-Report-FR.pdf&#8221;][\/vc_column_inner][\/vc_row_inner][\/vc_column][\/vc_row][vc_row full_width=&#8221;stretch_row&#8221; equal_height=&#8221;yes&#8221; content_placement=&#8221;top&#8221; el_class=&#8221;section&#8221; css=&#8221;.vc_custom_1715779449393{background-color: #eeeeee !important;}&#8221;][vc_column][vc_custom_heading text=&#8221;Demandes des m\u00e9dias&#8221; font_container=&#8221;tag:h2|text_align:center&#8221; use_theme_fonts=&#8221;yes&#8221;][vc_row_inner][vc_column_inner][vc_column_text css=&#8221;&#8221;]<\/p>\n<h5 style=\"text-align: center; padding-bottom: 5px;\">Susan Fekete<\/h5>\n<p style=\"text-align: center;\">Gestionnaire, M\u00e9dias et affaires publiques<\/p>\n<p style=\"text-align: center;\"><span class=\"s1\">(613) 738-5499 x 2345,<br \/>\n<a href=\"mailto:mediarelations@hydroottawa.com\" target=\"_blank\" rel=\"noopener\"><span class=\"s2\">mediarelations@hydroottawa.com<\/span><\/a><\/span><\/p>\n<p>[\/vc_column_text][\/vc_column_inner][\/vc_row_inner][\/vc_column][\/vc_row]<\/p>\n<\/div>","protected":false},"excerpt":{"rendered":"<p>[vc_row el_class=&#8221;section-t&#8221; css=&#8221;.vc_custom_1651081242963{background-color: #ffffff !important;}&#8221;][vc_column][vc_row_inner][vc_column_inner][vc_custom_heading text=&#8221;Communiqu\u00e9s&#8221; font_container=&#8221;tag:h2|text_align:center&#8221; use_theme_fonts=&#8221;yes&#8221;][vc_basic_grid post_type=&#8221;post&#8221; max_items=&#8221;-1&#8243; gap=&#8221;35&#8243; item=&#8221;597&#8243; grid_id=&#8221;vc_gid:1750347745975-198770f4-02aa-9&#8243; taxonomies=&#8221;15&#8243; el_id=&#8221;news-grid&#8221;][vc_btn title=&#8221;Voir tous les communiqu\u00e9s&#8221; style=&#8221;custom&#8221; custom_background=&#8221;&#8221; custom_text=&#8221;&#8221; align=&#8221;center&#8221; css=&#8221;&#8221; link=&#8221;url:%23|target:_blank&#8221; el_class=&#8221;btn-primary more-news-btn hidden&#8221;][\/vc_column_inner][\/vc_row_inner][\/vc_column][\/vc_row][vc_row full_width=&#8221;stretch_row&#8221; equal_height=&#8221;yes&#8221; content_placement=&#8221;middle&#8221; disable_element=&#8221;yes&#8221; el_class=&#8221;section&#8221; css=&#8221;.vc_custom_1715779316769{background-color: #12222c !important;}&#8221;][vc_column][vc_row_inner][vc_column_inner][vc_custom_heading text=&#8221;Orientation strat\u00e9gique&#8221; font_container=&#8221;tag:h2|text_align:center&#8221; use_theme_fonts=&#8221;yes&#8221; el_class=&#8221;dark&#8221;][\/vc_column_inner][\/vc_row_inner][vc_row_inner content_placement=&#8221;middle&#8221;][vc_column_inner width=&#8221;1\/3&#8243; css=&#8221;.vc_custom_1651092232189{padding-right: 35px !important;}&#8221;][vc_single_image image=&#8221;1542&#8243; img_size=&#8221;full&#8221; alignment=&#8221;right&#8221; onclick=&#8221;custom_link&#8221; img_link_target=&#8221;_blank&#8221; link=&#8221;https:\/\/hydroottawa.com\/sites\/default\/files\/2022-06\/Hydro_Ottawa_2021-2025_Strategic_Direction_FR.pdf&#8221;][\/vc_column_inner][vc_column_inner width=&#8221;2\/3&#8243;][vc_custom_heading text=&#8221;Un partenaire [&hellip;]<\/p>\n","protected":false},"author":10,"featured_media":3490,"parent":0,"menu_order":0,"comment_status":"closed","ping_status":"closed","template":"","meta":{"_acf_changed":false,"footnotes":""},"class_list":["post-386","page","type-page","status-publish","has-post-thumbnail","hentry"],"acf":[],"yoast_head":"<!-- This site is optimized with the Yoast SEO plugin v27.5 - https:\/\/yoast.com\/product\/yoast-seo-wordpress\/ -->\n<title>Nouvelles - Hydro Ottawa Group<\/title>\n<meta name=\"robots\" content=\"index, follow, max-snippet:-1, max-image-preview:large, max-video-preview:-1\" \/>\n<link rel=\"canonical\" href=\"https:\/\/hydroottawagroup.com\/fr\/nouvelles\/\" \/>\n<meta property=\"og:locale\" content=\"fr_FR\" \/>\n<meta property=\"og:type\" content=\"article\" \/>\n<meta property=\"og:title\" content=\"Nouvelles - Hydro Ottawa Group\" \/>\n<meta property=\"og:description\" content=\"[vc_row el_class=&#8221;section-t&#8221; css=&#8221;.vc_custom_1651081242963{background-color: #ffffff !important;}&#8221;][vc_column][vc_row_inner][vc_column_inner][vc_custom_heading text=&#8221;Communiqu\u00e9s&#8221; font_container=&#8221;tag:h2|text_align:center&#8221; use_theme_fonts=&#8221;yes&#8221;][vc_basic_grid post_type=&#8221;post&#8221; max_items=&#8221;-1&#8243; gap=&#8221;35&#8243; item=&#8221;597&#8243; grid_id=&#8221;vc_gid:1750347745975-198770f4-02aa-9&#8243; taxonomies=&#8221;15&#8243; el_id=&#8221;news-grid&#8221;][vc_btn title=&#8221;Voir tous les communiqu\u00e9s&#8221; style=&#8221;custom&#8221; custom_background=&#8221;&#8221; custom_text=&#8221;&#8221; align=&#8221;center&#8221; css=&#8221;&#8221; link=&#8221;url:%23|target:_blank&#8221; el_class=&#8221;btn-primary more-news-btn hidden&#8221;][\/vc_column_inner][\/vc_row_inner][\/vc_column][\/vc_row][vc_row full_width=&#8221;stretch_row&#8221; equal_height=&#8221;yes&#8221; content_placement=&#8221;middle&#8221; disable_element=&#8221;yes&#8221; el_class=&#8221;section&#8221; css=&#8221;.vc_custom_1715779316769{background-color: #12222c !important;}&#8221;][vc_column][vc_row_inner][vc_column_inner][vc_custom_heading text=&#8221;Orientation strat\u00e9gique&#8221; font_container=&#8221;tag:h2|text_align:center&#8221; use_theme_fonts=&#8221;yes&#8221; el_class=&#8221;dark&#8221;][\/vc_column_inner][\/vc_row_inner][vc_row_inner content_placement=&#8221;middle&#8221;][vc_column_inner width=&#8221;1\/3&#8243; css=&#8221;.vc_custom_1651092232189{padding-right: 35px !important;}&#8221;][vc_single_image image=&#8221;1542&#8243; img_size=&#8221;full&#8221; alignment=&#8221;right&#8221; onclick=&#8221;custom_link&#8221; img_link_target=&#8221;_blank&#8221; link=&#8221;https:\/\/hydroottawa.com\/sites\/default\/files\/2022-06\/Hydro_Ottawa_2021-2025_Strategic_Direction_FR.pdf&#8221;][\/vc_column_inner][vc_column_inner width=&#8221;2\/3&#8243;][vc_custom_heading text=&#8221;Un partenaire [&hellip;]\" \/>\n<meta property=\"og:url\" content=\"https:\/\/hydroottawagroup.com\/fr\/nouvelles\/\" \/>\n<meta property=\"og:site_name\" content=\"Hydro Ottawa Group\" \/>\n<meta property=\"article:modified_time\" content=\"2025-06-19T15:42:51+00:00\" \/>\n<meta property=\"og:image\" content=\"https:\/\/dev.hydroottawaholding.com\/wp-content\/uploads\/2025\/04\/HOG_NEWS_DESKTOP.jpg\" \/>\n\t<meta property=\"og:image:width\" content=\"1920\" \/>\n\t<meta property=\"og:image:height\" content=\"540\" \/>\n\t<meta property=\"og:image:type\" content=\"image\/jpeg\" \/>\n<meta name=\"twitter:card\" content=\"summary_large_image\" \/>\n<meta name=\"twitter:label1\" content=\"Est. reading time\" \/>\n\t<meta name=\"twitter:data1\" content=\"2 minutes\" \/>\n<script type=\"application\/ld+json\" class=\"yoast-schema-graph\">{\"@context\":\"https:\\\/\\\/schema.org\",\"@graph\":[{\"@type\":\"WebPage\",\"@id\":\"https:\\\/\\\/hydroottawagroup.com\\\/fr\\\/nouvelles\\\/\",\"url\":\"https:\\\/\\\/hydroottawagroup.com\\\/fr\\\/nouvelles\\\/\",\"name\":\"Nouvelles - Hydro Ottawa Group\",\"isPartOf\":{\"@id\":\"https:\\\/\\\/hydroottawaholding.com\\\/#website\"},\"primaryImageOfPage\":{\"@id\":\"https:\\\/\\\/hydroottawagroup.com\\\/fr\\\/nouvelles\\\/#primaryimage\"},\"image\":{\"@id\":\"https:\\\/\\\/hydroottawagroup.com\\\/fr\\\/nouvelles\\\/#primaryimage\"},\"thumbnailUrl\":\"https:\\\/\\\/hydroottawagroup.com\\\/wp-content\\\/uploads\\\/2025\\\/04\\\/HOG_NEWS_DESKTOP.jpg\",\"datePublished\":\"2022-03-29T18:25:53+00:00\",\"dateModified\":\"2025-06-19T15:42:51+00:00\",\"breadcrumb\":{\"@id\":\"https:\\\/\\\/hydroottawagroup.com\\\/fr\\\/nouvelles\\\/#breadcrumb\"},\"inLanguage\":\"fr-FR\",\"potentialAction\":[{\"@type\":\"ReadAction\",\"target\":[\"https:\\\/\\\/hydroottawagroup.com\\\/fr\\\/nouvelles\\\/\"]}]},{\"@type\":\"ImageObject\",\"inLanguage\":\"fr-FR\",\"@id\":\"https:\\\/\\\/hydroottawagroup.com\\\/fr\\\/nouvelles\\\/#primaryimage\",\"url\":\"https:\\\/\\\/hydroottawagroup.com\\\/wp-content\\\/uploads\\\/2025\\\/04\\\/HOG_NEWS_DESKTOP.jpg\",\"contentUrl\":\"https:\\\/\\\/hydroottawagroup.com\\\/wp-content\\\/uploads\\\/2025\\\/04\\\/HOG_NEWS_DESKTOP.jpg\",\"width\":1920,\"height\":540},{\"@type\":\"BreadcrumbList\",\"@id\":\"https:\\\/\\\/hydroottawagroup.com\\\/fr\\\/nouvelles\\\/#breadcrumb\",\"itemListElement\":[{\"@type\":\"ListItem\",\"position\":1,\"name\":\"Home\",\"item\":\"https:\\\/\\\/hydroottawagroup.com\\\/fr\\\/\"},{\"@type\":\"ListItem\",\"position\":2,\"name\":\"Nouvelles\"}]},{\"@type\":\"WebSite\",\"@id\":\"https:\\\/\\\/hydroottawaholding.com\\\/#website\",\"url\":\"https:\\\/\\\/hydroottawaholding.com\\\/\",\"name\":\"Hydro Ottawa Group\",\"description\":\"\",\"potentialAction\":[{\"@type\":\"SearchAction\",\"target\":{\"@type\":\"EntryPoint\",\"urlTemplate\":\"https:\\\/\\\/hydroottawaholding.com\\\/?s={search_term_string}\"},\"query-input\":{\"@type\":\"PropertyValueSpecification\",\"valueRequired\":true,\"valueName\":\"search_term_string\"}}],\"inLanguage\":\"fr-FR\"}]}<\/script>\n<!-- \/ Yoast SEO plugin. -->","yoast_head_json":{"title":"Nouvelles - Hydro Ottawa Group","robots":{"index":"index","follow":"follow","max-snippet":"max-snippet:-1","max-image-preview":"max-image-preview:large","max-video-preview":"max-video-preview:-1"},"canonical":"https:\/\/hydroottawagroup.com\/fr\/nouvelles\/","og_locale":"fr_FR","og_type":"article","og_title":"Nouvelles - Hydro Ottawa Group","og_description":"[vc_row el_class=&#8221;section-t&#8221; css=&#8221;.vc_custom_1651081242963{background-color: #ffffff !important;}&#8221;][vc_column][vc_row_inner][vc_column_inner][vc_custom_heading text=&#8221;Communiqu\u00e9s&#8221; font_container=&#8221;tag:h2|text_align:center&#8221; use_theme_fonts=&#8221;yes&#8221;][vc_basic_grid post_type=&#8221;post&#8221; max_items=&#8221;-1&#8243; gap=&#8221;35&#8243; item=&#8221;597&#8243; grid_id=&#8221;vc_gid:1750347745975-198770f4-02aa-9&#8243; taxonomies=&#8221;15&#8243; el_id=&#8221;news-grid&#8221;][vc_btn title=&#8221;Voir tous les communiqu\u00e9s&#8221; style=&#8221;custom&#8221; custom_background=&#8221;&#8221; custom_text=&#8221;&#8221; align=&#8221;center&#8221; css=&#8221;&#8221; link=&#8221;url:%23|target:_blank&#8221; el_class=&#8221;btn-primary more-news-btn hidden&#8221;][\/vc_column_inner][\/vc_row_inner][\/vc_column][\/vc_row][vc_row full_width=&#8221;stretch_row&#8221; equal_height=&#8221;yes&#8221; content_placement=&#8221;middle&#8221; disable_element=&#8221;yes&#8221; el_class=&#8221;section&#8221; css=&#8221;.vc_custom_1715779316769{background-color: #12222c !important;}&#8221;][vc_column][vc_row_inner][vc_column_inner][vc_custom_heading text=&#8221;Orientation strat\u00e9gique&#8221; font_container=&#8221;tag:h2|text_align:center&#8221; use_theme_fonts=&#8221;yes&#8221; el_class=&#8221;dark&#8221;][\/vc_column_inner][\/vc_row_inner][vc_row_inner content_placement=&#8221;middle&#8221;][vc_column_inner width=&#8221;1\/3&#8243; css=&#8221;.vc_custom_1651092232189{padding-right: 35px !important;}&#8221;][vc_single_image image=&#8221;1542&#8243; img_size=&#8221;full&#8221; alignment=&#8221;right&#8221; onclick=&#8221;custom_link&#8221; img_link_target=&#8221;_blank&#8221; link=&#8221;https:\/\/hydroottawa.com\/sites\/default\/files\/2022-06\/Hydro_Ottawa_2021-2025_Strategic_Direction_FR.pdf&#8221;][\/vc_column_inner][vc_column_inner width=&#8221;2\/3&#8243;][vc_custom_heading text=&#8221;Un partenaire [&hellip;]","og_url":"https:\/\/hydroottawagroup.com\/fr\/nouvelles\/","og_site_name":"Hydro Ottawa Group","article_modified_time":"2025-06-19T15:42:51+00:00","og_image":[{"width":1920,"height":540,"url":"https:\/\/dev.hydroottawaholding.com\/wp-content\/uploads\/2025\/04\/HOG_NEWS_DESKTOP.jpg","type":"image\/jpeg"}],"twitter_card":"summary_large_image","twitter_misc":{"Est. reading time":"2 minutes"},"schema":{"@context":"https:\/\/schema.org","@graph":[{"@type":"WebPage","@id":"https:\/\/hydroottawagroup.com\/fr\/nouvelles\/","url":"https:\/\/hydroottawagroup.com\/fr\/nouvelles\/","name":"Nouvelles - Hydro Ottawa Group","isPartOf":{"@id":"https:\/\/hydroottawaholding.com\/#website"},"primaryImageOfPage":{"@id":"https:\/\/hydroottawagroup.com\/fr\/nouvelles\/#primaryimage"},"image":{"@id":"https:\/\/hydroottawagroup.com\/fr\/nouvelles\/#primaryimage"},"thumbnailUrl":"https:\/\/hydroottawagroup.com\/wp-content\/uploads\/2025\/04\/HOG_NEWS_DESKTOP.jpg","datePublished":"2022-03-29T18:25:53+00:00","dateModified":"2025-06-19T15:42:51+00:00","breadcrumb":{"@id":"https:\/\/hydroottawagroup.com\/fr\/nouvelles\/#breadcrumb"},"inLanguage":"fr-FR","potentialAction":[{"@type":"ReadAction","target":["https:\/\/hydroottawagroup.com\/fr\/nouvelles\/"]}]},{"@type":"ImageObject","inLanguage":"fr-FR","@id":"https:\/\/hydroottawagroup.com\/fr\/nouvelles\/#primaryimage","url":"https:\/\/hydroottawagroup.com\/wp-content\/uploads\/2025\/04\/HOG_NEWS_DESKTOP.jpg","contentUrl":"https:\/\/hydroottawagroup.com\/wp-content\/uploads\/2025\/04\/HOG_NEWS_DESKTOP.jpg","width":1920,"height":540},{"@type":"BreadcrumbList","@id":"https:\/\/hydroottawagroup.com\/fr\/nouvelles\/#breadcrumb","itemListElement":[{"@type":"ListItem","position":1,"name":"Home","item":"https:\/\/hydroottawagroup.com\/fr\/"},{"@type":"ListItem","position":2,"name":"Nouvelles"}]},{"@type":"WebSite","@id":"https:\/\/hydroottawaholding.com\/#website","url":"https:\/\/hydroottawaholding.com\/","name":"Hydro Ottawa Group","description":"","potentialAction":[{"@type":"SearchAction","target":{"@type":"EntryPoint","urlTemplate":"https:\/\/hydroottawaholding.com\/?s={search_term_string}"},"query-input":{"@type":"PropertyValueSpecification","valueRequired":true,"valueName":"search_term_string"}}],"inLanguage":"fr-FR"}]}},"_links":{"self":[{"href":"https:\/\/hydroottawagroup.com\/fr\/wp-json\/wp\/v2\/pages\/386","targetHints":{"allow":["GET"]}}],"collection":[{"href":"https:\/\/hydroottawagroup.com\/fr\/wp-json\/wp\/v2\/pages"}],"about":[{"href":"https:\/\/hydroottawagroup.com\/fr\/wp-json\/wp\/v2\/types\/page"}],"author":[{"embeddable":true,"href":"https:\/\/hydroottawagroup.com\/fr\/wp-json\/wp\/v2\/users\/10"}],"replies":[{"embeddable":true,"href":"https:\/\/hydroottawagroup.com\/fr\/wp-json\/wp\/v2\/comments?post=386"}],"version-history":[{"count":11,"href":"https:\/\/hydroottawagroup.com\/fr\/wp-json\/wp\/v2\/pages\/386\/revisions"}],"predecessor-version":[{"id":3739,"href":"https:\/\/hydroottawagroup.com\/fr\/wp-json\/wp\/v2\/pages\/386\/revisions\/3739"}],"wp:featuredmedia":[{"embeddable":true,"href":"https:\/\/hydroottawagroup.com\/fr\/wp-json\/wp\/v2\/media\/3490"}],"wp:attachment":[{"href":"https:\/\/hydroottawagroup.com\/fr\/wp-json\/wp\/v2\/media?parent=386"}],"curies":[{"name":"wp","href":"https:\/\/api.w.org\/{rel}","templated":true}]}}